{"id":1752,"date":"2022-01-18T15:51:17","date_gmt":"2022-01-18T13:51:17","guid":{"rendered":"https:\/\/staging.mg-vasic.si\/zidarski-radovi\/"},"modified":"2024-09-24T12:26:49","modified_gmt":"2024-09-24T10:26:49","slug":"zidarski-radovi","status":"publish","type":"page","link":"https:\/\/staging.mg-vasic.si\/hr\/zidarski-radovi\/","title":{"rendered":"ZIDARSKI RADOVI"},"content":{"rendered":"<p>[vc_row][vc_column width=&#8221;1\/2&#8243;][vc_single_image image=&#8221;1583&#8243; img_size=&#8221;full&#8221;][vc_empty_space height=&#8221;10px&#8221;][vc_single_image image=&#8221;1584&#8243; img_size=&#8221;full&#8221;][\/vc_column][vc_column width=&#8221;1\/2&#8243;][vc_single_image image=&#8221;1585&#8243; img_size=&#8221;full&#8221;]<h5 class='heading-content  style-1' ><span>ZIDAMO<\/span><\/h5>[vc_empty_space height=&#8221;20px&#8221;][vc_column_text]Nakon postavljanja temelja, ovo je sljede\u0107a faza izgradnje. Objekt polako poprima svoj imid\u017e. Ovaj proces uklju\u010duje izradu zidova, pregrada, stropova, prozorskih otvora&#8230; U ovoj fazi klijentov plan poprima fizi\u010dki oblik, a na\u0161 tim iskusnih zidara pokazuje svoje vje\u0161tine.[\/vc_column_text][\/vc_column][\/vc_row]<\/p>\n","protected":false},"excerpt":{"rendered":"<p>[vc_row][vc_column width=&#8221;1\/2&#8243;][vc_single_image image=&#8221;1583&#8243; img_size=&#8221;full&#8221;][vc_empty_space height=&#8221;10px&#8221;][vc_single_image image=&#8221;1584&#8243; img_size=&#8221;full&#8221;][\/vc_column][vc_column width=&#8221;1\/2&#8243;][vc_single_image image=&#8221;1585&#8243; img_size=&#8221;full&#8221;][vc_empty_space height=&#8221;20px&#8221;][vc_column_text]Nakon postavljanja temelja, ovo je sljede\u0107a faza izgradnje. Objekt polako poprima svoj imid\u017e. Ovaj proces uklju\u010duje izradu zidova, pregrada, stropova, prozorskih otvora&#8230; U ovoj fazi klijentov plan poprima fizi\u010dki oblik,&#8230;<\/p>\n","protected":false},"author":1,"featured_media":0,"parent":0,"menu_order":0,"comment_status":"closed","ping_status":"closed","template":"","meta":{"_monsterinsights_skip_tracking":false,"_monsterinsights_sitenote_active":false,"_monsterinsights_sitenote_note":"","_monsterinsights_sitenote_category":0,"footnotes":""},"class_list":["post-1752","page","type-page","status-publish","hentry"],"aioseo_notices":[],"_links":{"self":[{"href":"https:\/\/staging.mg-vasic.si\/hr\/wp-json\/wp\/v2\/pages\/1752","targetHints":{"allow":["GET"]}}],"collection":[{"href":"https:\/\/staging.mg-vasic.si\/hr\/wp-json\/wp\/v2\/pages"}],"about":[{"href":"https:\/\/staging.mg-vasic.si\/hr\/wp-json\/wp\/v2\/types\/page"}],"author":[{"embeddable":true,"href":"https:\/\/staging.mg-vasic.si\/hr\/wp-json\/wp\/v2\/users\/1"}],"replies":[{"embeddable":true,"href":"https:\/\/staging.mg-vasic.si\/hr\/wp-json\/wp\/v2\/comments?post=1752"}],"version-history":[{"count":3,"href":"https:\/\/staging.mg-vasic.si\/hr\/wp-json\/wp\/v2\/pages\/1752\/revisions"}],"predecessor-version":[{"id":1764,"href":"https:\/\/staging.mg-vasic.si\/hr\/wp-json\/wp\/v2\/pages\/1752\/revisions\/1764"}],"wp:attachment":[{"href":"https:\/\/staging.mg-vasic.si\/hr\/wp-json\/wp\/v2\/media?parent=1752"}],"curies":[{"name":"wp","href":"https:\/\/api.w.org\/{rel}","templated":true}]}}