{"id":1772,"date":"2022-01-18T16:21:59","date_gmt":"2022-01-18T14:21:59","guid":{"rendered":"https:\/\/staging.mg-vasic.si\/radovi-na-rusenju\/"},"modified":"2024-09-24T12:26:52","modified_gmt":"2024-09-24T10:26:52","slug":"radovi-na-rusenju","status":"publish","type":"page","link":"https:\/\/staging.mg-vasic.si\/hr\/radovi-na-rusenju\/","title":{"rendered":"RADOVI NA RU\u0160ENJU"},"content":{"rendered":"<p>[vc_row][vc_column width=&#8221;1\/2&#8243;][vc_single_image image=&#8221;1589&#8243; img_size=&#8221;full&#8221;][vc_empty_space height=&#8221;10px&#8221;][vc_single_image image=&#8221;1590&#8243; img_size=&#8221;full&#8221;][\/vc_column][vc_column width=&#8221;1\/2&#8243;][vc_single_image image=&#8221;1591&#8243; img_size=&#8221;full&#8221;]<h5 class='heading-content  style-1' ><span>RU\u0160IMO<\/span><\/h5>[vc_empty_space height=&#8221;20px&#8221;][vc_column_text]Kao \u0161to je va\u017ena profesionalna i kvalitetna gradnja, va\u017eno je i profesionalno ru\u0161enje. I ova faza gra\u0111evinskih radova sastoji se od nekoliko dijelova, a to su za\u0161tita, ru\u0161enje i odvoz otpadnog materijala. Ako je rije\u010d o adaptaciji i vezani smo za postoje\u0107u strukturu, jo\u0161 je va\u017enije da to izvede iskusan tim. ovo smo mi![\/vc_column_text][\/vc_column][\/vc_row]<\/p>\n","protected":false},"excerpt":{"rendered":"<p>[vc_row][vc_column width=&#8221;1\/2&#8243;][vc_single_image image=&#8221;1589&#8243; img_size=&#8221;full&#8221;][vc_empty_space height=&#8221;10px&#8221;][vc_single_image image=&#8221;1590&#8243; img_size=&#8221;full&#8221;][\/vc_column][vc_column width=&#8221;1\/2&#8243;][vc_single_image image=&#8221;1591&#8243; img_size=&#8221;full&#8221;][vc_empty_space height=&#8221;20px&#8221;][vc_column_text]Kao \u0161to je va\u017ena profesionalna i kvalitetna gradnja, va\u017eno je i profesionalno ru\u0161enje. I ova faza gra\u0111evinskih radova sastoji se od nekoliko dijelova, a to su za\u0161tita, ru\u0161enje i odvoz&#8230;<\/p>\n","protected":false},"author":1,"featured_media":0,"parent":0,"menu_order":0,"comment_status":"closed","ping_status":"closed","template":"","meta":{"_monsterinsights_skip_tracking":false,"_monsterinsights_sitenote_active":false,"_monsterinsights_sitenote_note":"","_monsterinsights_sitenote_category":0,"footnotes":""},"class_list":["post-1772","page","type-page","status-publish","hentry"],"aioseo_notices":[],"_links":{"self":[{"href":"https:\/\/staging.mg-vasic.si\/hr\/wp-json\/wp\/v2\/pages\/1772","targetHints":{"allow":["GET"]}}],"collection":[{"href":"https:\/\/staging.mg-vasic.si\/hr\/wp-json\/wp\/v2\/pages"}],"about":[{"href":"https:\/\/staging.mg-vasic.si\/hr\/wp-json\/wp\/v2\/types\/page"}],"author":[{"embeddable":true,"href":"https:\/\/staging.mg-vasic.si\/hr\/wp-json\/wp\/v2\/users\/1"}],"replies":[{"embeddable":true,"href":"https:\/\/staging.mg-vasic.si\/hr\/wp-json\/wp\/v2\/comments?post=1772"}],"version-history":[{"count":3,"href":"https:\/\/staging.mg-vasic.si\/hr\/wp-json\/wp\/v2\/pages\/1772\/revisions"}],"predecessor-version":[{"id":1787,"href":"https:\/\/staging.mg-vasic.si\/hr\/wp-json\/wp\/v2\/pages\/1772\/revisions\/1787"}],"wp:attachment":[{"href":"https:\/\/staging.mg-vasic.si\/hr\/wp-json\/wp\/v2\/media?parent=1772"}],"curies":[{"name":"wp","href":"https:\/\/api.w.org\/{rel}","templated":true}]}}