{"id":1775,"date":"2022-01-18T16:30:38","date_gmt":"2022-01-18T14:30:38","guid":{"rendered":"https:\/\/staging.mg-vasic.si\/stolarski-radovi\/"},"modified":"2024-09-24T12:26:52","modified_gmt":"2024-09-24T10:26:52","slug":"stolarski-radovi","status":"publish","type":"page","link":"https:\/\/staging.mg-vasic.si\/hr\/stolarski-radovi\/","title":{"rendered":"STOLARSKI RADOVI"},"content":{"rendered":"<p>[vc_row][vc_column width=&#8221;1\/2&#8243;][vc_single_image image=&#8221;1614&#8243; img_size=&#8221;full&#8221;][vc_empty_space height=&#8221;10px&#8221;][vc_single_image image=&#8221;1615&#8243; img_size=&#8221;full&#8221;][\/vc_column][vc_column width=&#8221;1\/2&#8243;][vc_single_image image=&#8221;1616&#8243; img_size=&#8221;full&#8221;]<h5 class='heading-content  style-1' ><span>TESARSKA DELA<\/span><\/h5>[vc_empty_space height=&#8221;20px&#8221;][vc_column_text]Kvalitetna tesarska izrada vezana je uz stabilnost i sigurnost betonske konstrukcije i obavezna je kod postavljanja krova. Pa\u017eljivo planiranje i izvedba neophodni su ako ku\u0107a \u017eeli izdr\u017eati optere\u0107enje krova. Na\u0161 tim stolara je svjestan da je ovo najoptere\u0107eniji dio ku\u0107e i ovoj fazi izgradnje posve\u0107uje posebnu pa\u017enju.[\/vc_column_text][\/vc_column][\/vc_row]<\/p>\n","protected":false},"excerpt":{"rendered":"<p>[vc_row][vc_column width=&#8221;1\/2&#8243;][vc_single_image image=&#8221;1614&#8243; img_size=&#8221;full&#8221;][vc_empty_space height=&#8221;10px&#8221;][vc_single_image image=&#8221;1615&#8243; img_size=&#8221;full&#8221;][\/vc_column][vc_column width=&#8221;1\/2&#8243;][vc_single_image image=&#8221;1616&#8243; img_size=&#8221;full&#8221;][vc_empty_space height=&#8221;20px&#8221;][vc_column_text]Kvalitetna tesarska izrada vezana je uz stabilnost i sigurnost betonske konstrukcije i obavezna je kod postavljanja krova. Pa\u017eljivo planiranje i izvedba neophodni su ako ku\u0107a \u017eeli izdr\u017eati optere\u0107enje krova. Na\u0161&#8230;<\/p>\n","protected":false},"author":1,"featured_media":0,"parent":0,"menu_order":0,"comment_status":"closed","ping_status":"closed","template":"","meta":{"_monsterinsights_skip_tracking":false,"_monsterinsights_sitenote_active":false,"_monsterinsights_sitenote_note":"","_monsterinsights_sitenote_category":0,"footnotes":""},"class_list":["post-1775","page","type-page","status-publish","hentry"],"aioseo_notices":[],"_links":{"self":[{"href":"https:\/\/staging.mg-vasic.si\/hr\/wp-json\/wp\/v2\/pages\/1775","targetHints":{"allow":["GET"]}}],"collection":[{"href":"https:\/\/staging.mg-vasic.si\/hr\/wp-json\/wp\/v2\/pages"}],"about":[{"href":"https:\/\/staging.mg-vasic.si\/hr\/wp-json\/wp\/v2\/types\/page"}],"author":[{"embeddable":true,"href":"https:\/\/staging.mg-vasic.si\/hr\/wp-json\/wp\/v2\/users\/1"}],"replies":[{"embeddable":true,"href":"https:\/\/staging.mg-vasic.si\/hr\/wp-json\/wp\/v2\/comments?post=1775"}],"version-history":[{"count":3,"href":"https:\/\/staging.mg-vasic.si\/hr\/wp-json\/wp\/v2\/pages\/1775\/revisions"}],"predecessor-version":[{"id":1788,"href":"https:\/\/staging.mg-vasic.si\/hr\/wp-json\/wp\/v2\/pages\/1775\/revisions\/1788"}],"wp:attachment":[{"href":"https:\/\/staging.mg-vasic.si\/hr\/wp-json\/wp\/v2\/media?parent=1775"}],"curies":[{"name":"wp","href":"https:\/\/api.w.org\/{rel}","templated":true}]}}